{"id":5042,"date":"2013-11-29T13:18:10","date_gmt":"2013-11-29T12:18:10","guid":{"rendered":"http:\/\/www.iropartners.at\/?page_id=5042"},"modified":"2025-12-18T13:58:35","modified_gmt":"2025-12-18T12:58:35","slug":"initiativbewerbung","status":"publish","type":"page","link":"https:\/\/www.iropartners.at\/?page_id=5042","title":{"rendered":"Initiativbewerbung"},"content":{"rendered":"<div class=\"content_column\">\n<p><img loading=\"lazy\" decoding=\"async\" class=\"alignnone wp-image-5053 size-full\" title=\"Typwriter)\" src=\"http:\/\/www.iropartners.at\/wp-content\/uploads\/JH_011.jpg\" alt=\"Old school Computer\" width=\"400\" height=\"513\" srcset=\"https:\/\/www.iropartners.at\/wp-content\/uploads\/JH_011.jpg 400w, https:\/\/www.iropartners.at\/wp-content\/uploads\/JH_011-233x300.jpg 233w\" sizes=\"(max-width: 400px) 100vw, 400px\" \/><\/p>\n<\/div>\n<div class=\"content_column_gap\"><span style=\"color: #ffffff;\">.<\/span><\/div>\n<div class=\"content_column\">\n<p>Sollten Sie \u00fcber eine Weiterleitung auf diese Seite gelangt sein oder das von Ihnen gesuchte Inserat nicht mehr auffindbar sein, ist die Position m\u00f6glicherweise bereits offline. Aktuelle Ausschreibungen finden Sie jederzeit auf unserer <a href=\"https:\/\/www.iropartners.at\/?page_id=17\"><strong>Karriere-Seite<\/strong><\/a>.<\/p>\n<p>Unabh\u00e4ngig davon freuen wir uns \u00fcber Ihre Initiativbewerbung. \u00dcbermitteln Sie uns diese bitte unter Angabe Ihrer gew\u00fcnschten Position bzw. Ihres Interessensschwerpunkts.<\/p>\n<p>Wir arbeiten f\u00fcr mittelst\u00e4ndische Unternehmen ebenso wie f\u00fcr internationale Konzerne und besetzen jedes Jahr eine Vielzahl nationaler und internationaler Positionen in allen Unternehmensbereichen.<br \/>\nSollten Sie bei unseren aktuellen Stellenangeboten keine Ausschreibung finden, die Ihrem Profil entspricht, pr\u00fcfen wir Ihre Initiativbewerbung gerne vertraulich und ber\u00fccksichtigen Sie bei passenden Vakanzen.<\/p>\n<p><strong>Senden Sie uns Ihre Initiativbewerbung einfach per eMail an <a href=\"mailto:jobs@iro.co.at\">jobs@iro.co.at<\/a>.<\/strong><br \/>\nOder via WhatsApp QR Code:<\/p>\n<p><a href=\"https:\/\/iropartners.pitchyou.de\/OFYZU\" rel=\"nofollow noopener\" target=\"_blank\"><img loading=\"lazy\" decoding=\"async\" class=\"alignnone size-full wp-image-14990\" src=\"http:\/\/www.iropartners.at\/wp-content\/uploads\/Initiativbewerbung-m_w_d__Karriereseite_WB-e1665399461945.png\" alt=\"\" width=\"200\" height=\"200\" srcset=\"https:\/\/www.iropartners.at\/wp-content\/uploads\/Initiativbewerbung-m_w_d__Karriereseite_WB-e1665399461945.png 200w, https:\/\/www.iropartners.at\/wp-content\/uploads\/Initiativbewerbung-m_w_d__Karriereseite_WB-e1665399461945-150x150.png 150w, https:\/\/www.iropartners.at\/wp-content\/uploads\/Initiativbewerbung-m_w_d__Karriereseite_WB-e1665399461945-144x144.png 144w\" sizes=\"(max-width: 200px) 100vw, 200px\" \/><\/a><\/p>\n<p>Die diskrete Bearbeitung Ihrer Bewerbung und die Beachtung evtl. Sperrvermerke ist selbstverst\u00e4ndlich. Gerne k\u00f6nnen Sie auch vorab telefonisch mit uns in Kontakt treten.<\/p>\n<\/div>\n","protected":false},"excerpt":{"rendered":"<p>. Sollten Sie \u00fcber eine Weiterleitung auf diese Seite gelangt sein oder das von Ihnen gesuchte Inserat nicht mehr auffindbar sein, ist die Position m\u00f6glicherweise bereits offline. Aktuelle Ausschreibungen finden Sie jederzeit auf unserer Karriere-Seite. Unabh\u00e4ngig davon freuen wir uns \u00fcber Ihre Initiativbewerbung. \u00dcbermitteln Sie uns diese bitte unter Angabe Ihrer gew\u00fcnschten Position bzw. Ihres [&hellip;]<\/p>\n","protected":false},"author":4,"featured_media":0,"parent":17,"menu_order":43,"comment_status":"closed","ping_status":"closed","template":"","meta":{"_sharing_image":[],"_sharing_image_fieldset":[],"footnotes":""},"class_list":["post-5042","page","type-page","status-publish","hentry"],"_links":{"self":[{"href":"https:\/\/www.iropartners.at\/index.php?rest_route=\/wp\/v2\/pages\/5042"}],"collection":[{"href":"https:\/\/www.iropartners.at\/index.php?rest_route=\/wp\/v2\/pages"}],"about":[{"href":"https:\/\/www.iropartners.at\/index.php?rest_route=\/wp\/v2\/types\/page"}],"author":[{"embeddable":true,"href":"https:\/\/www.iropartners.at\/index.php?rest_route=\/wp\/v2\/users\/4"}],"replies":[{"embeddable":true,"href":"https:\/\/www.iropartners.at\/index.php?rest_route=%2Fwp%2Fv2%2Fcomments&post=5042"}],"version-history":[{"count":8,"href":"https:\/\/www.iropartners.at\/index.php?rest_route=\/wp\/v2\/pages\/5042\/revisions"}],"predecessor-version":[{"id":18016,"href":"https:\/\/www.iropartners.at\/index.php?rest_route=\/wp\/v2\/pages\/5042\/revisions\/18016"}],"up":[{"embeddable":true,"href":"https:\/\/www.iropartners.at\/index.php?rest_route=\/wp\/v2\/pages\/17"}],"wp:attachment":[{"href":"https:\/\/www.iropartners.at\/index.php?rest_route=%2Fwp%2Fv2%2Fmedia&parent=5042"}],"curies":[{"name":"wp","href":"https:\/\/api.w.org\/{rel}","templated":true}]}}