{"id":31,"date":"2010-01-17T15:59:44","date_gmt":"2010-01-17T15:59:44","guid":{"rendered":"http:\/\/10.0.0.10\/wordpress\/?page_id=31"},"modified":"2022-09-28T13:53:54","modified_gmt":"2022-09-28T11:53:54","slug":"research-activity","status":"publish","type":"page","link":"https:\/\/www.iropartners.at\/?page_id=31","title":{"rendered":"Research Activity"},"content":{"rendered":"<p><iframe loading=\"lazy\" src=\"http:\/\/mapsengine.google.com\/map\/u\/0\/embed?mid=zrtCtS9RSsic.kTIPer4w4KYk\" width=\"980\" height=\"750\" style=\"border-width:0px\"><\/iframe><\/p>\n<p><\/p>\n<div class=\"content_column\">\n<p>\u00c4gypten<br \/>\nBahrain<br \/>\nBelgien<br \/>\nBosnien und Herzegowina<br \/>\nBulgarien<br \/>\nD\u00e4nemark<br \/>\nDeutschland<br \/>\nFrankreich<br \/>\nGriechenland<br \/>\nGro\u00dfbritannien<br \/>\nGUS-Staaten<br \/>\nItalien<br \/>\nKroatien<br \/>\nLuxemburg<br \/>\nNiederlande<\/p>\n<\/div>\n<div class=\"content_column_gap\"><span style=\"color: #ffffff;\">.<\/span><\/div>\n<div class=\"content_column\">\n<p>Polen<br \/>\nRum\u00e4nien<br \/>\nSchweden<br \/>\nSchweiz<br \/>\nSerbien\/Montenegro<br \/>\nSlowakei<br \/>\nSlowenien<br \/>\nSpanien<br \/>\nThailand<br \/>\nTschechien<br \/>\nT\u00fcrkei<br \/>\nUngarn<br \/>\nUkraine<br \/>\nUSA<br \/>\nZypern<\/p>\n<\/div>\n","protected":false},"excerpt":{"rendered":"<p>\u00c4gypten Bahrain Belgien Bosnien und Herzegowina Bulgarien D\u00e4nemark Deutschland Frankreich Griechenland Gro\u00dfbritannien GUS-Staaten Italien Kroatien Luxemburg Niederlande . Polen Rum\u00e4nien Schweden Schweiz Serbien\/Montenegro Slowakei Slowenien Spanien Thailand Tschechien T\u00fcrkei Ungarn Ukraine USA Zypern<\/p>\n","protected":false},"author":1,"featured_media":0,"parent":15,"menu_order":23,"comment_status":"closed","ping_status":"open","template":"","meta":{"_sharing_image":[],"_sharing_image_fieldset":[],"footnotes":""},"class_list":["post-31","page","type-page","status-publish","hentry"],"_links":{"self":[{"href":"https:\/\/www.iropartners.at\/index.php?rest_route=\/wp\/v2\/pages\/31"}],"collection":[{"href":"https:\/\/www.iropartners.at\/index.php?rest_route=\/wp\/v2\/pages"}],"about":[{"href":"https:\/\/www.iropartners.at\/index.php?rest_route=\/wp\/v2\/types\/page"}],"author":[{"embeddable":true,"href":"https:\/\/www.iropartners.at\/index.php?rest_route=\/wp\/v2\/users\/1"}],"replies":[{"embeddable":true,"href":"https:\/\/www.iropartners.at\/index.php?rest_route=%2Fwp%2Fv2%2Fcomments&post=31"}],"version-history":[{"count":1,"href":"https:\/\/www.iropartners.at\/index.php?rest_route=\/wp\/v2\/pages\/31\/revisions"}],"predecessor-version":[{"id":14855,"href":"https:\/\/www.iropartners.at\/index.php?rest_route=\/wp\/v2\/pages\/31\/revisions\/14855"}],"up":[{"embeddable":true,"href":"https:\/\/www.iropartners.at\/index.php?rest_route=\/wp\/v2\/pages\/15"}],"wp:attachment":[{"href":"https:\/\/www.iropartners.at\/index.php?rest_route=%2Fwp%2Fv2%2Fmedia&parent=31"}],"curies":[{"name":"wp","href":"https:\/\/api.w.org\/{rel}","templated":true}]}}