{"id":20,"date":"2010-01-17T15:58:32","date_gmt":"2010-01-17T15:58:32","guid":{"rendered":"http:\/\/10.0.0.10\/wordpress\/?page_id=20"},"modified":"2022-09-28T13:53:54","modified_gmt":"2022-09-28T11:53:54","slug":"fakten","status":"publish","type":"page","link":"https:\/\/www.iropartners.at\/?page_id=20","title":{"rendered":"Fakten"},"content":{"rendered":"<h4><strong>Iro&amp;Partners Personal &#8211; u. Managementberatungs &#8211; GmbH<\/strong><\/h4>\n<p>Gr\u00fcndungsjahr: 1973<br \/>\nB\u00fcros in \u00d6sterreich: Salzburg und Wien<\/p>\n<p>Gesch\u00e4ftsf\u00fchrender Gesellschafter: Dr. Anton Schm\u00f6lzer<\/p>\n<p>Firmenbuch: FN 59751w beim Landesgericht Salzburg<br \/>\nUID: ATU 33 851 604<\/p>\n<p>Fachgruppe: Unternehmensberatung und Informationstechnologie<br \/>\nFachgruppe: Werbung und Marktkommunikation<\/p>\n","protected":false},"excerpt":{"rendered":"<p>Iro&amp;Partners Personal &#8211; u. Managementberatungs &#8211; GmbH Gr\u00fcndungsjahr: 1973 B\u00fcros in \u00d6sterreich: Salzburg und Wien Gesch\u00e4ftsf\u00fchrender Gesellschafter: Dr. Anton Schm\u00f6lzer Firmenbuch: FN 59751w beim Landesgericht Salzburg UID: ATU 33 851 604 Fachgruppe: Unternehmensberatung und Informationstechnologie Fachgruppe: Werbung und Marktkommunikation<\/p>\n","protected":false},"author":1,"featured_media":0,"parent":14,"menu_order":12,"comment_status":"closed","ping_status":"open","template":"","meta":{"_sharing_image":[],"_sharing_image_fieldset":[],"footnotes":""},"class_list":["post-20","page","type-page","status-publish","hentry"],"_links":{"self":[{"href":"https:\/\/www.iropartners.at\/index.php?rest_route=\/wp\/v2\/pages\/20"}],"collection":[{"href":"https:\/\/www.iropartners.at\/index.php?rest_route=\/wp\/v2\/pages"}],"about":[{"href":"https:\/\/www.iropartners.at\/index.php?rest_route=\/wp\/v2\/types\/page"}],"author":[{"embeddable":true,"href":"https:\/\/www.iropartners.at\/index.php?rest_route=\/wp\/v2\/users\/1"}],"replies":[{"embeddable":true,"href":"https:\/\/www.iropartners.at\/index.php?rest_route=%2Fwp%2Fv2%2Fcomments&post=20"}],"version-history":[{"count":1,"href":"https:\/\/www.iropartners.at\/index.php?rest_route=\/wp\/v2\/pages\/20\/revisions"}],"predecessor-version":[{"id":6407,"href":"https:\/\/www.iropartners.at\/index.php?rest_route=\/wp\/v2\/pages\/20\/revisions\/6407"}],"up":[{"embeddable":true,"href":"https:\/\/www.iropartners.at\/index.php?rest_route=\/wp\/v2\/pages\/14"}],"wp:attachment":[{"href":"https:\/\/www.iropartners.at\/index.php?rest_route=%2Fwp%2Fv2%2Fmedia&parent=20"}],"curies":[{"name":"wp","href":"https:\/\/api.w.org\/{rel}","templated":true}]}}