{"id":15,"date":"2010-01-17T15:56:30","date_gmt":"2010-01-17T15:56:30","guid":{"rendered":"http:\/\/10.0.0.10\/wordpress\/?page_id=15"},"modified":"2025-01-24T08:58:58","modified_gmt":"2025-01-24T07:58:58","slug":"personalberatung","status":"publish","type":"page","link":"https:\/\/www.iropartners.at\/?page_id=15","title":{"rendered":"Personalberatung"},"content":{"rendered":"<p><img loading=\"lazy\" decoding=\"async\" class=\"alignnone wp-image-226 size-full\" title=\"Mann\" src=\"http:\/\/www.iro.co.at\/wp-content\/uploads\/mann.jpg\" alt=\"Business Mann von Iro&amp;Partners\" width=\"980\" height=\"350\" srcset=\"https:\/\/www.iropartners.at\/wp-content\/uploads\/mann.jpg 980w, https:\/\/www.iropartners.at\/wp-content\/uploads\/mann-300x107.jpg 300w\" sizes=\"(max-width: 980px) 100vw, 980px\" \/><\/p>\n<div class=\"content_column\">\n<h1>Personalberatung &amp; Personalvermittlung<\/h1>\n<h4>Wir finden f\u00fcr Sie die Besten! &#8211; Step by Step<\/h4>\n<p>Im <strong>Briefingsgespr\u00e4ch<\/strong> erfassen wir Ihre Unternehmenskultur, beschreiben die Position strategisch und operativ und erstellen ein Anforderungsprofil.<\/p>\n<p>Die Art der <strong>Marktansprache<\/strong> h\u00e4ngt vom Suchprofil ab. Direktansprache und mediengest\u00fctzte Suche erg\u00e4nzen einander. F\u00fchrungskr\u00e4fte und Spezialisten sprechen wir in erster Linie direkt an. Dazu setzen wir die besten Printmedien, Internet und nat\u00fcrlich unsere (nach all den Jahren quantitativ und qualitativ reiche) Datenbank ein.<\/p>\n<p>In der <strong>Vorauswahl<\/strong> werden die Lebensl\u00e4ufe der Kandidaten bewertet. In anforderungsbezogenen Interviews pr\u00fcfen wir fachliche und soziale Qualifikationen.<\/p>\n<p>Auf dieser Basis erstellen wir eine fundierte <strong>Kandidaten-Empfehlung<\/strong>. Nach Abstimmung mit Ihnen pr\u00e4sentieren wir die Kandidaten.<\/p>\n<\/div>\n<div class=\"content_column_gap\"><span style=\"color: #ffffff;\">.<\/span><\/div>\n<div class=\"content_column\">\n<h4>Unsere Leistungen<\/h4>\n<p>&#8211; Executive Search \/ Direktansprache<br \/>\n&#8211; Anzeigengest\u00fctzte Suche<br \/>\n&#8211; File Search \/ Datenbank-Recherche<br \/>\n&#8211; Assessment Center<br \/>\n&#8211; Potentialanalyse<br \/>\n&#8211; Objektivierungsverfahren<br \/>\n&#8211; Personalbedarfsanalyse<br \/>\n&#8211; Nachfolgeregelung<br \/>\n&#8211; Karriereberatung\/-planung<br \/>\n&#8211; Personalentwicklung<br \/>\n&#8211; Coaching von F\u00fchrungskr\u00e4ften<br \/>\n&#8211; Seminare\/Workshops<br \/>\n&#8211; Moderation \/ Mediation<br \/>\n&#8211; Management Audits<br \/>\n&#8211; Sonderleistungen<\/p>\n<p>F\u00fcr weitere Informationen kontaktieren Sie uns bitte unter: <a href=\"mailto:office@iro.co.at\">office@iro.co.at<\/a><\/p>\n<\/div>\n","protected":false},"excerpt":{"rendered":"<p>Personalberatung &amp; Personalvermittlung Wir finden f\u00fcr Sie die Besten! &#8211; Step by Step Im Briefingsgespr\u00e4ch erfassen wir Ihre Unternehmenskultur, beschreiben die Position strategisch und operativ und erstellen ein Anforderungsprofil. Die Art der Marktansprache h\u00e4ngt vom Suchprofil ab. Direktansprache und mediengest\u00fctzte Suche erg\u00e4nzen einander. F\u00fchrungskr\u00e4fte und Spezialisten sprechen wir in erster Linie direkt an. Dazu setzen [&hellip;]<\/p>\n","protected":false},"author":1,"featured_media":0,"parent":0,"menu_order":20,"comment_status":"closed","ping_status":"open","template":"","meta":{"_sharing_image":[],"_sharing_image_fieldset":[],"footnotes":""},"class_list":["post-15","page","type-page","status-publish","hentry"],"_links":{"self":[{"href":"https:\/\/www.iropartners.at\/index.php?rest_route=\/wp\/v2\/pages\/15"}],"collection":[{"href":"https:\/\/www.iropartners.at\/index.php?rest_route=\/wp\/v2\/pages"}],"about":[{"href":"https:\/\/www.iropartners.at\/index.php?rest_route=\/wp\/v2\/types\/page"}],"author":[{"embeddable":true,"href":"https:\/\/www.iropartners.at\/index.php?rest_route=\/wp\/v2\/users\/1"}],"replies":[{"embeddable":true,"href":"https:\/\/www.iropartners.at\/index.php?rest_route=%2Fwp%2Fv2%2Fcomments&post=15"}],"version-history":[{"count":5,"href":"https:\/\/www.iropartners.at\/index.php?rest_route=\/wp\/v2\/pages\/15\/revisions"}],"predecessor-version":[{"id":17316,"href":"https:\/\/www.iropartners.at\/index.php?rest_route=\/wp\/v2\/pages\/15\/revisions\/17316"}],"wp:attachment":[{"href":"https:\/\/www.iropartners.at\/index.php?rest_route=%2Fwp%2Fv2%2Fmedia&parent=15"}],"curies":[{"name":"wp","href":"https:\/\/api.w.org\/{rel}","templated":true}]}}